{"id":60,"date":"2015-07-10T13:07:48","date_gmt":"2015-07-10T13:07:48","guid":{"rendered":"http:\/\/boligmesse.wearemoka.com\/en\/?page_id=60"},"modified":"2024-05-14T11:32:48","modified_gmt":"2024-05-14T11:32:48","slug":"om-oss","status":"publish","type":"page","link":"https:\/\/bauenwohnenlifestyle.de\/de\/om-oss\/","title":{"rendered":"\u00dcber uns"},"content":{"rendered":"<p><strong>Professioneller Messeveranstalter mit \u00fcber 25 Jahren Erfahrung<\/strong><\/p>\n<p>Seit unserer Gr\u00fcndung im Jahr 1997 hat sich Compass Fairs ApS zu einem f\u00fchrenden Akteur im Messewesen entwickelt. Mit Hauptsitz in R\u00f8dekro und einem engagierten Team von 48 Mitarbeitern organisieren wir j\u00e4hrlich 15 Verbraucher Messen, davon zwei in Deutschland.<br \/>\nUnsere Messen ziehen j\u00e4hrlich viele tausend Besucher an, die Inspiration, gute Ratschl\u00e4ge, Messeangebote und Qualit\u00e4tsprodukte im Bereich Bauen, Wohnen Renovieren und Lifestyle suchen.<\/p>\n<p><strong>Messen als m\u00e4chtige Marketingplattform<\/strong><\/p>\n<p>In einer \u00c4ra, in der digitale Strategien dominieren, sind wir der \u00dcberzeugung, dass Messen eine der effektivsten Verkaufs- und Marketingplattformen darstellen. Eine Messe bietet eine einzigartige M\u00f6glichkeit f\u00fcr direkte Interaktion zwischen Ausstellern und Besuchern, was eine ideale Plattform f\u00fcr den Austausch von Ideen, Produkten und Dienstleistungen schafft.<\/p>\n<p>Dies f\u00fchrt zu einer Win-Win-Situation f\u00fcr beide Parteien: Besucher erhalten direkten Zugang zu Expertenhilfe und neuer Inspiration, w\u00e4hrend Aussteller die M\u00f6glichkeit haben, ihre Angebote einem engagierten und relevanten Publikum zu pr\u00e4sentieren.<\/p>\n<p><strong>Unsere Dienstleistungen <\/strong><br \/>\nNeben der Organisation eigener Verbrauchermessen fungieren wir auch als Komplettanbieter von Messeausstattung und einzigartigen Messest\u00e4nden. Wir liefern alles Notwendige f\u00fcr Messen, Kongresse, Konferenzen und andere Veranstaltungen, egal ob gro\u00df oder klein.<\/p>\n<p>Unser breites Angebot an Dienstleistungen gew\u00e4hrleistet, dass wir alle Aspekte einer Messeveranstaltung von der Planung bis zur Durchf\u00fchrung handhaben k\u00f6nnen, sodass unsere Kunden sich auf das konzentrieren k\u00f6nnen, was wirklich z\u00e4hlt \u2013 ihre Pr\u00e4sentation und Interaktion mit dem Publikum.<\/p>\n<p><strong>Integrieren Sie Messen in Ihre Marketingstrategie <\/strong><br \/>\nDurch die Integration von Messen in Ihre Marketingstrategie k\u00f6nnen Sie eine st\u00e4rkere, nachhaltigere und Pers\u00f6nliche \u00a0Marktposition aufbauen. Investieren Sie in eine Plattform, die nicht nur Ihre Marketingbem\u00fchungen verst\u00e4rkt, sondern auch Ihr Verkaufspotenzial durch direkten Kontakt mit Ihrem Publikum vervielfacht.<\/p>","protected":false},"excerpt":{"rendered":"<p>Professioneller Messeveranstalter mit \u00fcber 25 Jahren Erfahrung Seit unserer Gr\u00fcndung im Jahr 1997 hat sich Compass Fairs ApS zu einem f\u00fchrenden Akteur im Messewesen entwickelt. Mit Hauptsitz in R\u00f8dekro und einem engagierten Team von 48 Mitarbeitern organisieren wir j\u00e4hrlich 15 Verbraucher Messen, davon zwei in Deutschland. Unsere Messen ziehen j\u00e4hrlich viele tausend Besucher an, die &hellip; <a href=\"https:\/\/bauenwohnenlifestyle.de\/de\/om-oss\/\" class=\"more-link\">Continue reading <span class=\"screen-reader-text\">\u00dcber uns<\/span><\/a><\/p>\n","protected":false},"author":1,"featured_media":0,"parent":0,"menu_order":0,"comment_status":"closed","ping_status":"closed","template":"page-about.php","meta":{"inline_featured_image":false,"_exactmetrics_skip_tracking":false,"_exactmetrics_sitenote_active":false,"_exactmetrics_sitenote_note":"","_exactmetrics_sitenote_category":0,"footnotes":""},"class_list":["post-60","page","type-page","status-publish","hentry"],"acf":[],"_links":{"self":[{"href":"https:\/\/bauenwohnenlifestyle.de\/de\/wp-json\/wp\/v2\/pages\/60","targetHints":{"allow":["GET"]}}],"collection":[{"href":"https:\/\/bauenwohnenlifestyle.de\/de\/wp-json\/wp\/v2\/pages"}],"about":[{"href":"https:\/\/bauenwohnenlifestyle.de\/de\/wp-json\/wp\/v2\/types\/page"}],"author":[{"embeddable":true,"href":"https:\/\/bauenwohnenlifestyle.de\/de\/wp-json\/wp\/v2\/users\/1"}],"replies":[{"embeddable":true,"href":"https:\/\/bauenwohnenlifestyle.de\/de\/wp-json\/wp\/v2\/comments?post=60"}],"version-history":[{"count":7,"href":"https:\/\/bauenwohnenlifestyle.de\/de\/wp-json\/wp\/v2\/pages\/60\/revisions"}],"predecessor-version":[{"id":6348,"href":"https:\/\/bauenwohnenlifestyle.de\/de\/wp-json\/wp\/v2\/pages\/60\/revisions\/6348"}],"wp:attachment":[{"href":"https:\/\/bauenwohnenlifestyle.de\/de\/wp-json\/wp\/v2\/media?parent=60"}],"curies":[{"name":"wp","href":"https:\/\/api.w.org\/{rel}","templated":true}]}}