{"id":3297,"date":"2018-05-11T13:02:03","date_gmt":"2018-05-11T13:02:03","guid":{"rendered":"http:\/\/bauenwohnenlifestyle.de\/en\/?page_id=3297"},"modified":"2018-05-16T12:17:45","modified_gmt":"2018-05-16T12:17:45","slug":"cookies","status":"publish","type":"page","link":"https:\/\/bauenwohnenlifestyle.de\/de\/cookies\/","title":{"rendered":"Cookies"},"content":{"rendered":"<p>Unsere Website verwendet Cookies wie im Folgenden dargestellt. Wenn Sie die Verwendung von Cookies in Ihrem Browser nicht ausschalten und fortfahren, die Website zu nutzen, stimmen Sie unserer Nutzung von Cookies zu. Und zwar sowohl in \u00dcbereinstimmung mit diesen Cookie-Regeln als auch mit der darauf zugrunde liegenden Bearbeitung von pers\u00f6nlichen Daten. Bitte lesen Sie unsere <a href=\"http:\/\/bauenwohnenlifestyle.de\/de\/datenschutz\/\">Datenschutzerkl\u00e4rung <\/a>durch mit weiteren Informationen dar\u00fcber, wie und f\u00fcr welchen Zweck Compass Fairs pers\u00f6nliche Angaben auswertet und Ihr Recht, Zugang zu den Daten zu erhalten, die wir verarbeiten.<\/p>\n<p>Ihre Browser-Einstellungen k\u00f6nnen Sie jederzeit \u00e4ndern. Wenn Sie Cookies deaktivieren, kann dies Ihre Nutzer-Erfahrung auf der Website beeinflussen.<\/p>\n<p>Besucher der Website, die Cookies verwenden, erhalten Informationen \u00fcber:<\/p>\n<ul>\n<li>die Tatsache, dass die Website Cookies verwendet<\/li>\n<li>wof\u00fcr diese Cookies verwendet werden<\/li>\n<li>welchen Zwecken die Cookies dienen<\/li>\n<li>wer diese Informationen auswertet<\/li>\n<li>wie Cookies vermieden werden k\u00f6nnen<\/li>\n<\/ul>\n<p>Als Nutzer m\u00fcssen Sie zus\u00e4tzlich der Nutzung von Cookies zustimmen. Sie haben au\u00dferdem das Recht, die Verwendung von Cookies abzulehnen.<\/p>\n<p><strong>Was sind Cookies und wof\u00fcr werden sie verwendet?<\/strong><\/p>\n<p>Cookies sind kleine Textdateien, die an Ihr Ger\u00e4t verschickt und darauf gespeichert werden (Mobil-Telefon, PC oder Tablet). Das ist im Web so \u00fcblich, um die besuchte Website in die Lage zu versetzen, sich Ihre Aktivit\u00e4ten und Vorlieben auf Dauer zu merken und um zu speichern, wie h\u00e4ufig sie die Website besuchen. Einige Cookies sind erforderlich, um Ihnen die Nutzung der vollen Funktionalit\u00e4t der Website zu erm\u00f6glichen, andere werden dazu benutzt, um Ihre Nutzer-Erfahrung zu verbessern und die Navigation auf der Website zu vereinfachen.<\/p>\n<p>Es gibt zwei Arten von Cookies: permanente und tempor\u00e4re (so genannte Sitzungs-) Cookies. Tempor\u00e4re Cookies werden entfernt, wenn Sie Ihren Browser schlie\u00dfen. Sie werden unter anderem zur Dokumentation verwendet, dass ein Nutzer die Website besucht und welche Auswahl er getroffen hat. Permanente Cookies werden f\u00fcr l\u00e4ngere Zeit als Datei auf Ihrem Ger\u00e4t gespeichert, um die Website Ihren W\u00fcnschen, ausgew\u00e4hlter Inhalte und Interessen anzupassen. Zum Beispiel k\u00f6nnen sie von Features verwendet werden, die Sie informieren, was seit Ihrem letzten Besuch neu auf der Website ist und die von Ihnen ausgew\u00e4hlte Sprache beibehalten.<\/p>\n<p><strong>\u00a0<\/strong><\/p>\n<p><strong>Einige Beispiele, wof\u00fcr Cookies genutzt werden k\u00f6nnen:<\/strong><\/p>\n<ul>\n<li>Log-in Informationen speichern. Ein Cookie wird auf Ihrem Ger\u00e4t gespeichert, wenn Sie sich in eine Website einloggen. Jedes Mal, wenn Sie eine neue Seite \u00f6ffnen, sendet Ihr Ger\u00e4t dann einen Cookie an die gerade besuchte Website. Durch die Verwendung des Cookie entscheidet die Website, ob Sie (bereits) eingelogged sind, damit Sie Ihren Nutzernamen und Passwort nicht jedes Mal eingeben m\u00fcssen, wenn Sie zu einer neuen Seite wechseln.<\/li>\n<li>Die Website Ihrer Nutzung anpassen. Das bezieht sich auf das Design der Website, die Sie h\u00e4ufig besuchen, auf angepasste Kontrast- und Schrift-Formate, oder ma\u00dfgeschneidert f\u00fcrs Sortieren und Ausw\u00e4hlen<\/li>\n<li>Auf Websites, die Serviceleistungen anbieten, dienen Cookies der Vereinfachung des Bestellens.<\/li>\n<li>Um festzuhalten, welche Personen welche Seiten der Website besuchen. Diese Information kann dann dazu verwendet werden, um eine passende Werbung auszuw\u00e4hlen oder die Seiten, die der Nutzer sieht, entsprechend anzupassen. Viele Cookies, die f\u00fcr Werbung und angepasste Inhalte verwendet werden, kommen von Dritten.<\/li>\n<li>Um die Besucher-Frequenz durch Statistiken zu kontrollieren. Damit soll die Website verbessert und mehr \u00fcber die unterschiedlichen Nutzer in Erfahrung gebracht werden. Viele Statistik-Cookies kommen ebenfalls von Dritten.<\/li>\n<li>Um die Wahl der Sprache, Auftrag-Codes und den Stand der Mitgliedschaft nachzuvollziehen.<\/li>\n<\/ul>\n<p><strong>Unterschiedliche Cookie-Typen<\/strong><\/p>\n<p><strong>Cookies lassen sich nach ihrer Funktion kategorisieren\u00a0 <\/strong><\/p>\n<ul>\n<li><strong>Notwendig<\/strong>: Diese Cookies sind notwendig, damit bestimmte Features richtig funktionieren, zum Beispiel um den Nutzer in Verbindung mit dem Login in die Website zu erkennen und ihn zuzulassen.<\/li>\n<li><strong>Pr\u00e4sentation und Funktion<\/strong>: Diese Cookies erleichtern Ihnen die Nutzung der Website und gestalten sie pers\u00f6nlicher. Unter anderem durch ma\u00dfgeschneiderte Informationen und Angebote f\u00fcr Dinge, f\u00fcr die Sie sich fr\u00fcher schon interessiert haben. Solche Cookies werden au\u00dferdem daf\u00fcr verwendet, um Informationen \u00fcber Besucher der Website zu sammeln \u2013 damit wir in der Lage sind, die Site und die digitalen Dienste zu optimieren. Wenn Sie solchen Cookies nicht zustimmen, erlauben unsere digitalen Dienste nur eine eingeschr\u00e4nkte Funktionalit\u00e4t<\/li>\n<li><strong>Promotion<\/strong>: Dabei handelt es sich h\u00e4ufig um Cookies von Dritten, die folglich nicht von uns genutzt werden, sondern von einem unserer Partner. Diese Cookies werten Informationen \u00fcber Ihre Nutzung der Website und die von Partnern aus. Also solche Websites, die Sie aufsuchen oder Anzeigen, auf die Sie reagieren. Damit wollen wir Ihnen Anzeigen pr\u00e4sentieren, die f\u00fcr Sie passender geeignet sind, sowohl auf unserer Website als auch auf denen unserer Partner. Diese Anzeigen fallen unter die Bezeichnung \u201eWeb-Werbung\u201c; ihr Zweck besteht darin, dass Sie nur Anzeigen sehen, die Ihren Interessen entsprechen. Wenn Sie mit solchen Cookies nicht einverstanden sind, kann Ihre Nutzer-Erfahrung eingeschr\u00e4nkt sein<\/li>\n<\/ul>\n<p><strong>\u00a0<\/strong><\/p>\n<p><strong>Wollen Sie Cookies ausschlie\u00dfen?<\/strong><\/p>\n<p>Cookies werden nicht dazu genutzt, um Ihr Ger\u00e4t zu besch\u00e4digen oder zu zerst\u00f6ren, au\u00dferdem lassen die meisten Browser Cookies automatisch zu. Falls Sie vorr\u00fcbergehend Cookies ausschlie\u00dfen wollen, k\u00f6nnen Sie die Zustimmung zu Cookies in den Einstellungen Ihres Browsers verweigern, auch um auf der Festplatte gespeicherte Cookies zu entfernen. Sie k\u00f6nnen Ihren Browser au\u00dferdem so einstellen, dass er Sie jedes Mal informiert, wenn er einen Cookie empf\u00e4ngt. Das erlaubt Ihnen, Cookies zuzulassen oder abzulehnen. Weitere Informationen \u00fcber Cookies und Ihre Browser-Einstellungen erhalten Sie von Ihrem Browser-Anbieter.<\/p>\n<p>Falls Sie der Verwendung von Cookies widersprechen, k\u00f6nnen die digitalen Dienste unter Umst\u00e4nden nicht richtig funktionieren.<\/p>\n<p><strong>Warum verwenden wir Cookies?<\/strong><\/p>\n<p>Durch die Verwendung von Cookies k\u00f6nnen wir Ihr Ger\u00e4t bei Ihrem n\u00e4chsten Besuch unserer Website erkennen. Dadurch vermeiden Sie, jedes Mal Nutzer-Informationen angeben zu m\u00fcssen, wenn Sie unsere digitalen Dienste in Anspruch nehmen. Au\u00dferdem erleichtert es uns, unsere Dienste Ihren Anspr\u00fcchen anzupassen, indem wir Ihnen beispielsweise helfen, nicht bei jedem Einloggen eine Sprache ausw\u00e4hlen zu m\u00fcssen. Einfach gesagt \u2013 der Gebrauch der Website wird komfortabler.<\/p>\n<p>Au\u00dferdem nutzen wir Cookies, um das Verbraucherverhalten auf und au\u00dferhalb unserer Website zu bewerten, damit wir unsere digitalen Dienste weiter entwickeln k\u00f6nnen. Unsere Ziele sind eine bestm\u00f6gliche Nutzererfahrung, ein ma\u00dfgeschneidertes Marketing und die Erfassung statistischer Angaben<\/p>\n<p>Wir kooperieren auch mit anderen Unternehmen, die in unserem Auftrag Cookies platzieren, um dadurch ihre Dienste anzubieten.<\/p>\n<p><strong>Zustimmung zur Verwendung von Cookies<\/strong><\/p>\n<p>In \u00dcbereinstimmung mit dieser Cookie-Richtlinie stimmen Sie der Verwendung von Cookies zu, indem Sie die Website weiter nutzen und dabei einen Browser verwenden, dessen Einstellungen Cookies zulassen.<\/p>\n<p><strong>\u00c4nderungen an unseren Cookies<\/strong><\/p>\n<p>Die verwendeten Cookies und \u00c4nderungen daran werden nur durch Aktualisieren der vorstehenden Zusammenfassung angezeigt. Daher empfehlen wir Ihnen, diese Zusammenfassung jedes Mal zu pr\u00fcfen, wenn Sie die Website besuchen<\/p>\n<p><strong>\u00a0<\/strong><\/p>\n<p><strong>Kontakt<\/strong><\/p>\n<p>Fragen zu unserer Cookie-Richtlinie erbitten wir an info@compassfairs.dk<\/p>\n<p><strong>Cookies auf der Website<\/strong><\/p>\n<p>Unsere digitalen Dienste sammeln und speichern Informationen mit technologischer Unterst\u00fctzung unterschiedlicher Erfassungs-Methoden. Au\u00dferdem nutzen wir Cookies von Dritten, haupts\u00e4chlich um die Nutzungsfrequenz zu messen und die Website zu optimieren.<\/p>\n<ul>\n<li>Facebook<\/li>\n<li>Hotjar<\/li>\n<li>Google Analytics<\/li>\n<li>Addevent<\/li>\n<\/ul>\n<p>Wenn Sie weitere detaillierte Informationen \u00fcber die von uns verwendeten Cookies erhalten m\u00f6chten, senden Sie bitte eine E-Mail an <a href=\"mailto:info@compassfairs.dk\">info@compassfairs.dk<\/a><\/p>","protected":false},"excerpt":{"rendered":"<p>Unsere Website verwendet Cookies wie im Folgenden dargestellt. Wenn Sie die Verwendung von Cookies in Ihrem Browser nicht ausschalten und fortfahren, die Website zu nutzen, stimmen Sie unserer Nutzung von Cookies zu. Und zwar sowohl in \u00dcbereinstimmung mit diesen Cookie-Regeln als auch mit der darauf zugrunde liegenden Bearbeitung von pers\u00f6nlichen Daten. Bitte lesen Sie unsere &hellip; <a href=\"https:\/\/bauenwohnenlifestyle.de\/de\/cookies\/\" class=\"more-link\">Continue reading <span class=\"screen-reader-text\">Cookies<\/span><\/a><\/p>\n","protected":false},"author":460335,"featured_media":0,"parent":0,"menu_order":0,"comment_status":"closed","ping_status":"closed","template":"page-cookies.php","meta":{"inline_featured_image":false,"_exactmetrics_skip_tracking":false,"_exactmetrics_sitenote_active":false,"_exactmetrics_sitenote_note":"","_exactmetrics_sitenote_category":0,"footnotes":""},"class_list":["post-3297","page","type-page","status-publish","hentry"],"acf":[],"_links":{"self":[{"href":"https:\/\/bauenwohnenlifestyle.de\/de\/wp-json\/wp\/v2\/pages\/3297","targetHints":{"allow":["GET"]}}],"collection":[{"href":"https:\/\/bauenwohnenlifestyle.de\/de\/wp-json\/wp\/v2\/pages"}],"about":[{"href":"https:\/\/bauenwohnenlifestyle.de\/de\/wp-json\/wp\/v2\/types\/page"}],"author":[{"embeddable":true,"href":"https:\/\/bauenwohnenlifestyle.de\/de\/wp-json\/wp\/v2\/users\/460335"}],"replies":[{"embeddable":true,"href":"https:\/\/bauenwohnenlifestyle.de\/de\/wp-json\/wp\/v2\/comments?post=3297"}],"version-history":[{"count":3,"href":"https:\/\/bauenwohnenlifestyle.de\/de\/wp-json\/wp\/v2\/pages\/3297\/revisions"}],"predecessor-version":[{"id":3300,"href":"https:\/\/bauenwohnenlifestyle.de\/de\/wp-json\/wp\/v2\/pages\/3297\/revisions\/3300"}],"wp:attachment":[{"href":"https:\/\/bauenwohnenlifestyle.de\/de\/wp-json\/wp\/v2\/media?parent=3297"}],"curies":[{"name":"wp","href":"https:\/\/api.w.org\/{rel}","templated":true}]}}