{"id":3295,"date":"2018-05-11T13:01:40","date_gmt":"2018-05-11T13:01:40","guid":{"rendered":"http:\/\/bauenwohnenlifestyle.de\/en\/?page_id=3295"},"modified":"2018-05-16T12:20:33","modified_gmt":"2018-05-16T12:20:33","slug":"datenschutz","status":"publish","type":"page","link":"https:\/\/bauenwohnenlifestyle.de\/de\/datenschutz\/","title":{"rendered":"Datenschutz"},"content":{"rendered":"<p>Wenn Sie eine Eintrittskarte f\u00fcr eine Messe bestellen oder bei unserem Messe-Gewinnspiel mitmachen, stellen Sie uns pers\u00f6nliche Daten zur Verf\u00fcgung. Hier k\u00f6nnen Sie herausfinden, welche Informationen wir sammeln, wie wir dies machen und wof\u00fcr wir sie verwenden.<\/p>\n<p><strong>Was sind pers\u00f6nliche Daten?\u00a0\u00a0 <\/strong><\/p>\n<p>Pers\u00f6nliche Daten sind Detailinformationen, die sich auf eine Person beziehen \u2013 zum Beispiel Ihr Name, Ihr Wohnort, Telefonnumer, E-Mail-Adresse und IP-Adresse.<\/p>\n<p><strong>Welche Regeln gelten f\u00fcr die Bearbeitung pers\u00f6nlicher Daten?<\/strong><\/p>\n<p><strong>\u00a0<\/strong>Compass Fairs ist verantwortlich f\u00fcr die Bearbeitung pers\u00f6nlicher Daten, die im Zusammenhang mit der Bestellung von Eintrittskarten oder durch die Teilnahme an unseren Messe-Gewinnspielen gesammelt werden. Die pers\u00f6nlichen Angaben werden von Compass Fairs in \u00dcbereinstimmung mit dem D\u00e4nischen Datenschutzgesetz verarbeitet.<\/p>\n<p><strong>Welche Informationen sammeln wir \u00fcber Sie?<\/strong><\/p>\n<p><strong>Informationen<\/strong><strong>, die Sie uns selbst mitteilen,<\/strong><\/p>\n<ul>\n<li>wenn Sie eine Eintrittskarte zu einer unserer Messen bestellen<\/li>\n<li>wenn Sie bei Gewinnspielen von Compass Fairs mitmachen <em>(Name, Adresse, Postleitzahl, Stadt, Geschlecht, Geburtsjahr, E-Mail-Adresse und Telefonnummer.)<\/em><\/li>\n<\/ul>\n<p><strong>Informationen<\/strong><strong>, die wir aus \u00f6ffentlichen Quellen beziehen <\/strong><\/p>\n<ul>\n<li>Wenn Sie eine Eintrittskarte f\u00fcr eine unserer Messen bestellen, sammeln wir die folgenden Informationen: Adresse, Geschlecht und Geburtsjahr aus \u00f6ffentlich zug\u00e4nglichen Quellen, die auf Informationen in Zusammenhang mit Ihrer Telefonnummer stehen.<\/li>\n<\/ul>\n<p><strong>Informationen, die wir sammeln, wenn Sie unsere Seiten nutzen<\/strong><\/p>\n<ul>\n<li><strong>Welche Technologien Sie benutzen.<\/strong> Ob Sie einen Laptop, ein Tablet ode ein Smartphone benutzen, welchen Browser Sie verwenden, die IP-Adresse, den Netzwerk-Operator etc.<\/li>\n<\/ul>\n<ul>\n<li><strong>Was Sie machen, <\/strong>\u00a0zum Beispiel, welche Webseiten Sie besuchen.<\/li>\n<\/ul>\n<ul>\n<li><strong>Wo Sie sind.<\/strong> Wir stellen Ihren geografischen Standort fest &#8211; auf der Basis Ihrer IP-Adresse oder anderer Formen der Standortbestimmung.<\/li>\n<\/ul>\n<p><strong>Wo werden diese Informationen gespeichert?<\/strong><\/p>\n<p>Die Angaben werden in unseren Datenbanken gespeichert.<\/p>\n<p><strong>F\u00fcr welche Zwecke werden diese Angaben ausgewertet? <\/strong><\/p>\n<p>Wir sind st\u00e4ndig bestrebt, Ihnen positive Eindr\u00fccke auf unseren Messen zu vermitteln. Im Folgenden die Hauptzwecke, f\u00fcr die wir Ihre pers\u00f6nlichen Angaben verwenden:<\/p>\n<ol>\n<li><strong>Um Sie zu anstehenden Messen einzuladen.<\/strong> Damit wir das k\u00f6nnen, ben\u00f6tigen wir Ihre E-Mail-Adresse und Telefonnummer, um Ihnen eine Einladung zusenden zu k\u00f6nnen. Ihre Adresse verwenden wir dazu, um geografisch zu ermitteln, welche unserer Messen f\u00fcr Sie am Interessantesten sind.<\/li>\n<li><strong>Um Trends im Markt zu erkennen und Anforderungen, die sich aus statistischen Gr\u00fcnden ergeben. <\/strong>Wir analysieren Angaben wie Alter und Geschlecht, um unsere Messen zu verbessern und weiter zu entwickeln.<\/li>\n<\/ol>\n<p><strong>Umfragen<\/strong><\/p>\n<p>Nach jeder unserer Messen f\u00fchren wir Umfragen f\u00fcr unsere Zwecke durch. Das Zielpublikum f\u00fcr diese Umfragen sind die Teilnehmer an einem unserer Gewinnspiele.<\/p>\n<p><strong>Werden die Daten mit anderen geteilt?<\/strong><\/p>\n<p>Nein, die Daten werden ausschlie\u00dflich von Compass Fairs verwendet.<\/p>\n<p><strong>Entfernung pers\u00f6nlicher Daten<\/strong><\/p>\n<p>Wir bieten mehrere M\u00f6glichkeiten zur Entfernung pers\u00f6nlicher Daten an.\u00a0 Sie k\u00f6nnen jederzeit einsehen, welche Daten wir von Ihnen gespeichert haben. Details am Ende dieser Seite. Auf die gleiche Weise k\u00f6nnen Sie uns auffordern, diese Daten zu entfernen. Sie k\u00f6nnen uns au\u00dferdem direkt auffordern, alle Informationen \u00fcber Sie zu l\u00f6schen. \u00a0Rufen Sie uns einfach an unter +45-74 62 94 40 oder senden Sie eine E-Mail an info@compassfairs.dk.<\/p>\n<p>Sie erhalten j\u00e4hrlich eine Einladung zu einer oder zwei unserer Events. In dieser Einladung ist leicht ersichtlich, wie Ihre Daten aus unseren Systemen entfernt werden k\u00f6nnen. Grunds\u00e4tzlich werden pers\u00f6nliche Daten sechs Jahre lang gespeichert \u2013 entweder seit Sie in unsere Datenbank eingetragen wurden oder vom Zeitpunkt des j\u00fcngsten Updates an (wenn Sie eine Eintrittskarte bestellt oder sich an einem Gewinnspiel beteiligt haben).<\/p>\n<p><strong>Datenschutz von Kindern<\/strong><\/p>\n<p>Wir beabsichtigen nicht, pers\u00f6nliche Daten von Kindern unter 16 Jahren zu sammeln oder anderweitig zu verarbeiten.<\/p>\n<p>Falls uns Kinder unter 16 Jahren pers\u00f6nliche Angaben \u00fcbermittelt haben \u2013 beispielsweise, wenn sie eine Eintrittskarte zu einer unserer Messen bestellt oder bei einem Gewinnspiel mitgemacht haben \u2013 werden wir diese Informationen umgehend entfernen, wenn uns dieser Zusammenhang ersichtlich wird. Eltern oder andere Erziehungsberechte k\u00f6nnen wie unten dargestellt Kontakt mit uns aufnehmen.<\/p>\n<p>Falls Sie Fragen zu unseren Datenschutzrichtlinien haben, nehmen Sie bitte Kontakt mit uns auf:<\/p>\n<p>per Telefon unter +45 74 62 94 40<\/p>\n<p>oder per E-Mail unter \u00a0<u>info@compassfairs.dk<\/u><\/p>","protected":false},"excerpt":{"rendered":"<p>Wenn Sie eine Eintrittskarte f\u00fcr eine Messe bestellen oder bei unserem Messe-Gewinnspiel mitmachen, stellen Sie uns pers\u00f6nliche Daten zur Verf\u00fcgung. Hier k\u00f6nnen Sie herausfinden, welche Informationen wir sammeln, wie wir dies machen und wof\u00fcr wir sie verwenden. Was sind pers\u00f6nliche Daten?\u00a0\u00a0 Pers\u00f6nliche Daten sind Detailinformationen, die sich auf eine Person beziehen \u2013 zum Beispiel Ihr &hellip; <a href=\"https:\/\/bauenwohnenlifestyle.de\/de\/datenschutz\/\" class=\"more-link\">Continue reading <span class=\"screen-reader-text\">Datenschutz<\/span><\/a><\/p>\n","protected":false},"author":460335,"featured_media":0,"parent":0,"menu_order":0,"comment_status":"closed","ping_status":"closed","template":"page-privacypolicy.php","meta":{"inline_featured_image":false,"_exactmetrics_skip_tracking":false,"_exactmetrics_sitenote_active":false,"_exactmetrics_sitenote_note":"","_exactmetrics_sitenote_category":0,"footnotes":""},"class_list":["post-3295","page","type-page","status-publish","hentry"],"acf":[],"_links":{"self":[{"href":"https:\/\/bauenwohnenlifestyle.de\/de\/wp-json\/wp\/v2\/pages\/3295","targetHints":{"allow":["GET"]}}],"collection":[{"href":"https:\/\/bauenwohnenlifestyle.de\/de\/wp-json\/wp\/v2\/pages"}],"about":[{"href":"https:\/\/bauenwohnenlifestyle.de\/de\/wp-json\/wp\/v2\/types\/page"}],"author":[{"embeddable":true,"href":"https:\/\/bauenwohnenlifestyle.de\/de\/wp-json\/wp\/v2\/users\/460335"}],"replies":[{"embeddable":true,"href":"https:\/\/bauenwohnenlifestyle.de\/de\/wp-json\/wp\/v2\/comments?post=3295"}],"version-history":[{"count":2,"href":"https:\/\/bauenwohnenlifestyle.de\/de\/wp-json\/wp\/v2\/pages\/3295\/revisions"}],"predecessor-version":[{"id":3301,"href":"https:\/\/bauenwohnenlifestyle.de\/de\/wp-json\/wp\/v2\/pages\/3295\/revisions\/3301"}],"wp:attachment":[{"href":"https:\/\/bauenwohnenlifestyle.de\/de\/wp-json\/wp\/v2\/media?parent=3295"}],"curies":[{"name":"wp","href":"https:\/\/api.w.org\/{rel}","templated":true}]}}